{"id":5002,"date":"2025-11-12T09:39:39","date_gmt":"2025-11-12T08:39:39","guid":{"rendered":"https:\/\/www.emalec.com\/nuestras-filiales\/"},"modified":"2026-02-10T12:10:38","modified_gmt":"2026-02-10T11:10:38","slug":"nuestras-filiales","status":"publish","type":"page","link":"https:\/\/www.emalec.com\/es\/nuestras-filiales\/","title":{"rendered":"Nuestras filiales"},"content":{"rendered":"\t\t<div data-elementor-type=\"wp-page\" data-elementor-id=\"5002\" class=\"elementor elementor-5002 elementor-1960\" data-elementor-post-type=\"page\">\n\t\t\t\t<div class=\"elementor-element elementor-element-edce8c8 e-flex e-con-boxed e-con e-parent\" data-id=\"edce8c8\" data-element_type=\"container\" data-e-type=\"container\" data-settings=\"{&quot;background_background&quot;:&quot;classic&quot;}\">\n\t\t\t\t\t<div class=\"e-con-inner\">\n\t\t\t\t<div class=\"elementor-element elementor-element-560510b8 elementor-widget elementor-widget-breadcrumbs\" data-id=\"560510b8\" data-element_type=\"widget\" data-e-type=\"widget\" data-widget_type=\"breadcrumbs.default\">\n\t\t\t\t\t<p id=\"breadcrumbs\"><span><span><a href=\"https:\/\/www.emalec.com\/es\/\">Home<\/a><\/span><\/span><\/p>\t\t\t\t<\/div>\n\t\t\t\t<div class=\"elementor-element elementor-element-404bcd46 elementor-invisible elementor-widget elementor-widget-heading\" data-id=\"404bcd46\" data-element_type=\"widget\" data-e-type=\"widget\" data-settings=\"{&quot;_animation&quot;:&quot;fadeInUp&quot;,&quot;_animation_delay&quot;:200}\" data-widget_type=\"heading.default\">\n\t\t\t\t\t<h1 class=\"elementor-heading-title elementor-size-default\">Nuestras filiales<\/h1>\t\t\t\t<\/div>\n\t\t\t\t<div class=\"elementor-element elementor-element-a8f27d3 elementor-invisible elementor-widget elementor-widget-heading\" data-id=\"a8f27d3\" data-element_type=\"widget\" data-e-type=\"widget\" data-settings=\"{&quot;_animation&quot;:&quot;fadeInUp&quot;,&quot;_animation_delay&quot;:300}\" data-widget_type=\"heading.default\">\n\t\t\t\t\t<div class=\"elementor-heading-title elementor-size-default\">Su servicio t\u00e9cnico &amp; duradero<\/div>\t\t\t\t<\/div>\n\t\t\t\t\t<\/div>\n\t\t\t\t<\/div>\n\t\t<div class=\"elementor-element elementor-element-477c347 e-flex e-con-boxed e-con e-parent\" data-id=\"477c347\" data-element_type=\"container\" data-e-type=\"container\">\n\t\t\t\t\t<div class=\"e-con-inner\">\n\t\t<div class=\"elementor-element elementor-element-215e7ef0 e-con-full e-flex e-con e-child\" data-id=\"215e7ef0\" data-element_type=\"container\" data-e-type=\"container\">\n\t\t\t\t<div class=\"elementor-element elementor-element-9dca3ee elementor-widget elementor-widget-heading\" data-id=\"9dca3ee\" data-element_type=\"widget\" data-e-type=\"widget\" data-widget_type=\"heading.default\">\n\t\t\t\t\t<div class=\"elementor-heading-title elementor-size-default\">Una implantaci\u00f3n estrat\u00e9gica<\/div>\t\t\t\t<\/div>\n\t\t\t\t<div class=\"elementor-element elementor-element-284be792 elementor-widget elementor-widget-heading\" data-id=\"284be792\" data-element_type=\"widget\" data-e-type=\"widget\" data-widget_type=\"heading.default\">\n\t\t\t\t\t<h2 class=\"elementor-heading-title elementor-size-default\">Una organizaci\u00f3n al servicio del rendimiento<\/h2>\t\t\t\t<\/div>\n\t\t\t\t<\/div>\n\t\t<div class=\"elementor-element elementor-element-64faae8 e-grid e-con-full e-con e-child\" data-id=\"64faae8\" data-element_type=\"container\" data-e-type=\"container\">\n\t\t<div class=\"elementor-element elementor-element-f7464f8 e-con-full e-transform e-flex e-con e-child\" data-id=\"f7464f8\" data-element_type=\"container\" data-e-type=\"container\" data-settings=\"{&quot;background_background&quot;:&quot;classic&quot;,&quot;_transform_scale_effect_hover&quot;:{&quot;unit&quot;:&quot;px&quot;,&quot;size&quot;:1.05,&quot;sizes&quot;:[]},&quot;_transform_scale_effect_hover_widescreen&quot;:{&quot;unit&quot;:&quot;px&quot;,&quot;size&quot;:&quot;&quot;,&quot;sizes&quot;:[]},&quot;_transform_scale_effect_hover_laptop&quot;:{&quot;unit&quot;:&quot;px&quot;,&quot;size&quot;:&quot;&quot;,&quot;sizes&quot;:[]},&quot;_transform_scale_effect_hover_tablet_extra&quot;:{&quot;unit&quot;:&quot;px&quot;,&quot;size&quot;:&quot;&quot;,&quot;sizes&quot;:[]},&quot;_transform_scale_effect_hover_tablet&quot;:{&quot;unit&quot;:&quot;px&quot;,&quot;size&quot;:&quot;&quot;,&quot;sizes&quot;:[]},&quot;_transform_scale_effect_hover_mobile_extra&quot;:{&quot;unit&quot;:&quot;px&quot;,&quot;size&quot;:&quot;&quot;,&quot;sizes&quot;:[]},&quot;_transform_scale_effect_hover_mobile&quot;:{&quot;unit&quot;:&quot;px&quot;,&quot;size&quot;:&quot;&quot;,&quot;sizes&quot;:[]}}\">\n\t\t<div class=\"elementor-element elementor-element-ad514d7 e-con-full e-flex e-con e-child\" data-id=\"ad514d7\" data-element_type=\"container\" data-e-type=\"container\">\n\t\t\t\t<div class=\"elementor-element elementor-element-7f6e3f9 elementor-widget elementor-widget-icon-box\" data-id=\"7f6e3f9\" data-element_type=\"widget\" data-e-type=\"widget\" data-widget_type=\"icon-box.default\">\n\t\t\t\t\t\t\t<div class=\"elementor-icon-box-wrapper\">\n\n\t\t\t\n\t\t\t\t\t\t<div class=\"elementor-icon-box-content\">\n\n\t\t\t\t\t\t\t\t\t<div class=\"elementor-icon-box-title\">\n\t\t\t\t\t\t<span  >\n\t\t\t\t\t\t\tEmalec\t\t\t\t\t\t<\/span>\n\t\t\t\t\t<\/div>\n\t\t\t\t\n\t\t\t\t\t\t\t\t\t<p class=\"elementor-icon-box-description\">\n\t\t\t\t\t\tFilial hist\u00f3rica del Grupo, especializada en el mantenimiento multit\u00e9cnico en toda Francia.\t\t\t\t\t<\/p>\n\t\t\t\t\n\t\t\t<\/div>\n\t\t\t\n\t\t<\/div>\n\t\t\t\t\t\t<\/div>\n\t\t\t\t<div class=\"elementor-element elementor-element-d87deaf elementor-widget elementor-widget-button\" data-id=\"d87deaf\" data-element_type=\"widget\" data-e-type=\"widget\" data-widget_type=\"button.default\">\n\t\t\t\t\t\t\t\t\t\t<a class=\"elementor-button elementor-button-link elementor-size-sm\" href=\"https:\/\/www.emalec.com\/es\/nuestras-filiales\/emalec-especialista-en-mantenimiento-multitecnico-en-europa\/\">\n\t\t\t\t\t\t<span class=\"elementor-button-content-wrapper\">\n\t\t\t\t\t\t\t\t\t<span class=\"elementor-button-text\">M\u00e1s informaci\u00f3n<\/span>\n\t\t\t\t\t<\/span>\n\t\t\t\t\t<\/a>\n\t\t\t\t\t\t\t\t<\/div>\n\t\t\t\t<\/div>\n\t\t\t\t<\/div>\n\t\t<div class=\"elementor-element elementor-element-0e3fb38 e-con-full e-transform e-flex e-con e-child\" data-id=\"0e3fb38\" data-element_type=\"container\" data-e-type=\"container\" data-settings=\"{&quot;background_background&quot;:&quot;classic&quot;,&quot;_transform_scale_effect_hover&quot;:{&quot;unit&quot;:&quot;px&quot;,&quot;size&quot;:1.05,&quot;sizes&quot;:[]},&quot;_transform_scale_effect_hover_widescreen&quot;:{&quot;unit&quot;:&quot;px&quot;,&quot;size&quot;:&quot;&quot;,&quot;sizes&quot;:[]},&quot;_transform_scale_effect_hover_laptop&quot;:{&quot;unit&quot;:&quot;px&quot;,&quot;size&quot;:&quot;&quot;,&quot;sizes&quot;:[]},&quot;_transform_scale_effect_hover_tablet_extra&quot;:{&quot;unit&quot;:&quot;px&quot;,&quot;size&quot;:&quot;&quot;,&quot;sizes&quot;:[]},&quot;_transform_scale_effect_hover_tablet&quot;:{&quot;unit&quot;:&quot;px&quot;,&quot;size&quot;:&quot;&quot;,&quot;sizes&quot;:[]},&quot;_transform_scale_effect_hover_mobile_extra&quot;:{&quot;unit&quot;:&quot;px&quot;,&quot;size&quot;:&quot;&quot;,&quot;sizes&quot;:[]},&quot;_transform_scale_effect_hover_mobile&quot;:{&quot;unit&quot;:&quot;px&quot;,&quot;size&quot;:&quot;&quot;,&quot;sizes&quot;:[]}}\">\n\t\t<div class=\"elementor-element elementor-element-f347bab e-con-full e-flex e-con e-child\" data-id=\"f347bab\" data-element_type=\"container\" data-e-type=\"container\">\n\t\t\t\t<div class=\"elementor-element elementor-element-b2a8a21 elementor-widget elementor-widget-icon-box\" data-id=\"b2a8a21\" data-element_type=\"widget\" data-e-type=\"widget\" data-widget_type=\"icon-box.default\">\n\t\t\t\t\t\t\t<div class=\"elementor-icon-box-wrapper\">\n\n\t\t\t\n\t\t\t\t\t\t<div class=\"elementor-icon-box-content\">\n\n\t\t\t\t\t\t\t\t\t<div class=\"elementor-icon-box-title\">\n\t\t\t\t\t\t<span  >\n\t\t\t\t\t\t\tEmalec IDF\t\t\t\t\t\t<\/span>\n\t\t\t\t\t<\/div>\n\t\t\t\t\n\t\t\t\t\t\t\t\t\t<p class=\"elementor-icon-box-description\">\n\t\t\t\t\t\tUbicada en Par\u00eds, Emalec IDF est\u00e1 especializada en el mantenimiento multit\u00e9cnico con equipos de t\u00e9cnicos asignados.\t\t\t\t\t<\/p>\n\t\t\t\t\n\t\t\t<\/div>\n\t\t\t\n\t\t<\/div>\n\t\t\t\t\t\t<\/div>\n\t\t\t\t<div class=\"elementor-element elementor-element-88146d6 elementor-widget elementor-widget-button\" data-id=\"88146d6\" data-element_type=\"widget\" data-e-type=\"widget\" data-widget_type=\"button.default\">\n\t\t\t\t\t\t\t\t\t\t<a class=\"elementor-button elementor-button-link elementor-size-sm\" href=\"https:\/\/www.emalec.com\/es\/nuestras-filiales\/emalec-ile-de-france-especialista-en-mantenimiento-multitecnico-itinerante-y-fijo\/\">\n\t\t\t\t\t\t<span class=\"elementor-button-content-wrapper\">\n\t\t\t\t\t\t\t\t\t<span class=\"elementor-button-text\">M\u00e1s informaci\u00f3n<\/span>\n\t\t\t\t\t<\/span>\n\t\t\t\t\t<\/a>\n\t\t\t\t\t\t\t\t<\/div>\n\t\t\t\t<\/div>\n\t\t\t\t<\/div>\n\t\t<div class=\"elementor-element elementor-element-60a37ec e-con-full e-transform e-flex e-con e-child\" data-id=\"60a37ec\" data-element_type=\"container\" data-e-type=\"container\" data-settings=\"{&quot;background_background&quot;:&quot;classic&quot;,&quot;_transform_scale_effect_hover&quot;:{&quot;unit&quot;:&quot;px&quot;,&quot;size&quot;:1.05,&quot;sizes&quot;:[]},&quot;_transform_scale_effect_hover_widescreen&quot;:{&quot;unit&quot;:&quot;px&quot;,&quot;size&quot;:&quot;&quot;,&quot;sizes&quot;:[]},&quot;_transform_scale_effect_hover_laptop&quot;:{&quot;unit&quot;:&quot;px&quot;,&quot;size&quot;:&quot;&quot;,&quot;sizes&quot;:[]},&quot;_transform_scale_effect_hover_tablet_extra&quot;:{&quot;unit&quot;:&quot;px&quot;,&quot;size&quot;:&quot;&quot;,&quot;sizes&quot;:[]},&quot;_transform_scale_effect_hover_tablet&quot;:{&quot;unit&quot;:&quot;px&quot;,&quot;size&quot;:&quot;&quot;,&quot;sizes&quot;:[]},&quot;_transform_scale_effect_hover_mobile_extra&quot;:{&quot;unit&quot;:&quot;px&quot;,&quot;size&quot;:&quot;&quot;,&quot;sizes&quot;:[]},&quot;_transform_scale_effect_hover_mobile&quot;:{&quot;unit&quot;:&quot;px&quot;,&quot;size&quot;:&quot;&quot;,&quot;sizes&quot;:[]}}\">\n\t\t<div class=\"elementor-element elementor-element-30b7c8f e-con-full e-flex e-con e-child\" data-id=\"30b7c8f\" data-element_type=\"container\" data-e-type=\"container\">\n\t\t\t\t<div class=\"elementor-element elementor-element-00cc396 elementor-widget elementor-widget-icon-box\" data-id=\"00cc396\" data-element_type=\"widget\" data-e-type=\"widget\" data-widget_type=\"icon-box.default\">\n\t\t\t\t\t\t\t<div class=\"elementor-icon-box-wrapper\">\n\n\t\t\t\n\t\t\t\t\t\t<div class=\"elementor-icon-box-content\">\n\n\t\t\t\t\t\t\t\t\t<div class=\"elementor-icon-box-title\">\n\t\t\t\t\t\t<span  >\n\t\t\t\t\t\t\tEmalec Ib\u00e9rica\t\t\t\t\t\t<\/span>\n\t\t\t\t\t<\/div>\n\t\t\t\t\n\t\t\t\t\t\t\t\t\t<p class=\"elementor-icon-box-description\">\n\t\t\t\t\t\tCon sede en Espa\u00f1a, Emalec Ib\u00e9rica asegura el mantenimiento multit\u00e9cnico en todo el territorio espa\u00f1ol.\t\t\t\t\t<\/p>\n\t\t\t\t\n\t\t\t<\/div>\n\t\t\t\n\t\t<\/div>\n\t\t\t\t\t\t<\/div>\n\t\t\t\t<div class=\"elementor-element elementor-element-49d1aab elementor-widget elementor-widget-button\" data-id=\"49d1aab\" data-element_type=\"widget\" data-e-type=\"widget\" data-widget_type=\"button.default\">\n\t\t\t\t\t\t\t\t\t\t<a class=\"elementor-button elementor-button-link elementor-size-sm\" href=\"https:\/\/www.emalec.com\/es\/nuestras-filiales\/emalec-iberica-la-experiencia-del-grupo-emalec-en-espana\/\">\n\t\t\t\t\t\t<span class=\"elementor-button-content-wrapper\">\n\t\t\t\t\t\t\t\t\t<span class=\"elementor-button-text\">M\u00e1s informaci\u00f3n<\/span>\n\t\t\t\t\t<\/span>\n\t\t\t\t\t<\/a>\n\t\t\t\t\t\t\t\t<\/div>\n\t\t\t\t<\/div>\n\t\t\t\t<\/div>\n\t\t<div class=\"elementor-element elementor-element-ce4fd39 e-con-full e-transform e-flex e-con e-child\" data-id=\"ce4fd39\" data-element_type=\"container\" data-e-type=\"container\" data-settings=\"{&quot;background_background&quot;:&quot;classic&quot;,&quot;_transform_scale_effect_hover&quot;:{&quot;unit&quot;:&quot;px&quot;,&quot;size&quot;:1.05,&quot;sizes&quot;:[]},&quot;_transform_scale_effect_hover_widescreen&quot;:{&quot;unit&quot;:&quot;px&quot;,&quot;size&quot;:&quot;&quot;,&quot;sizes&quot;:[]},&quot;_transform_scale_effect_hover_laptop&quot;:{&quot;unit&quot;:&quot;px&quot;,&quot;size&quot;:&quot;&quot;,&quot;sizes&quot;:[]},&quot;_transform_scale_effect_hover_tablet_extra&quot;:{&quot;unit&quot;:&quot;px&quot;,&quot;size&quot;:&quot;&quot;,&quot;sizes&quot;:[]},&quot;_transform_scale_effect_hover_tablet&quot;:{&quot;unit&quot;:&quot;px&quot;,&quot;size&quot;:&quot;&quot;,&quot;sizes&quot;:[]},&quot;_transform_scale_effect_hover_mobile_extra&quot;:{&quot;unit&quot;:&quot;px&quot;,&quot;size&quot;:&quot;&quot;,&quot;sizes&quot;:[]},&quot;_transform_scale_effect_hover_mobile&quot;:{&quot;unit&quot;:&quot;px&quot;,&quot;size&quot;:&quot;&quot;,&quot;sizes&quot;:[]}}\">\n\t\t<div class=\"elementor-element elementor-element-3b48bc9 e-con-full e-flex e-con e-child\" data-id=\"3b48bc9\" data-element_type=\"container\" data-e-type=\"container\">\n\t\t\t\t<div class=\"elementor-element elementor-element-76988b9 elementor-widget elementor-widget-icon-box\" data-id=\"76988b9\" data-element_type=\"widget\" data-e-type=\"widget\" data-widget_type=\"icon-box.default\">\n\t\t\t\t\t\t\t<div class=\"elementor-icon-box-wrapper\">\n\n\t\t\t\n\t\t\t\t\t\t<div class=\"elementor-icon-box-content\">\n\n\t\t\t\t\t\t\t\t\t<div class=\"elementor-icon-box-title\">\n\t\t\t\t\t\t<span  >\n\t\t\t\t\t\t\tMagestime\t\t\t\t\t\t<\/span>\n\t\t\t\t\t<\/div>\n\t\t\t\t\n\t\t\t\t\t\t\t\t\t<p class=\"elementor-icon-box-description\">\n\t\t\t\t\t\tFilial dedicada a la adecuaci\u00f3n de todo tipo de instalaciones, desde el dise\u00f1o hasta la realizaci\u00f3n de proyectos llave en mano.\t\t\t\t\t<\/p>\n\t\t\t\t\n\t\t\t<\/div>\n\t\t\t\n\t\t<\/div>\n\t\t\t\t\t\t<\/div>\n\t\t\t\t<div class=\"elementor-element elementor-element-5c3fe3f9 elementor-widget elementor-widget-button\" data-id=\"5c3fe3f9\" data-element_type=\"widget\" data-e-type=\"widget\" data-widget_type=\"button.default\">\n\t\t\t\t\t\t\t\t\t\t<a class=\"elementor-button elementor-button-link elementor-size-sm\" href=\"https:\/\/www.emalec.com\/es\/nuestras-filiales\/magestime-tu-contratista-general-todos-los-oficios\/\">\n\t\t\t\t\t\t<span class=\"elementor-button-content-wrapper\">\n\t\t\t\t\t\t\t\t\t<span class=\"elementor-button-text\">M\u00e1s informaci\u00f3n<\/span>\n\t\t\t\t\t<\/span>\n\t\t\t\t\t<\/a>\n\t\t\t\t\t\t\t\t<\/div>\n\t\t\t\t<\/div>\n\t\t\t\t<\/div>\n\t\t<div class=\"elementor-element elementor-element-31f1b9e e-con-full e-transform e-flex e-con e-child\" data-id=\"31f1b9e\" data-element_type=\"container\" data-e-type=\"container\" data-settings=\"{&quot;background_background&quot;:&quot;classic&quot;,&quot;_transform_scale_effect_hover&quot;:{&quot;unit&quot;:&quot;px&quot;,&quot;size&quot;:1.05,&quot;sizes&quot;:[]},&quot;_transform_scale_effect_hover_widescreen&quot;:{&quot;unit&quot;:&quot;px&quot;,&quot;size&quot;:&quot;&quot;,&quot;sizes&quot;:[]},&quot;_transform_scale_effect_hover_laptop&quot;:{&quot;unit&quot;:&quot;px&quot;,&quot;size&quot;:&quot;&quot;,&quot;sizes&quot;:[]},&quot;_transform_scale_effect_hover_tablet_extra&quot;:{&quot;unit&quot;:&quot;px&quot;,&quot;size&quot;:&quot;&quot;,&quot;sizes&quot;:[]},&quot;_transform_scale_effect_hover_tablet&quot;:{&quot;unit&quot;:&quot;px&quot;,&quot;size&quot;:&quot;&quot;,&quot;sizes&quot;:[]},&quot;_transform_scale_effect_hover_mobile_extra&quot;:{&quot;unit&quot;:&quot;px&quot;,&quot;size&quot;:&quot;&quot;,&quot;sizes&quot;:[]},&quot;_transform_scale_effect_hover_mobile&quot;:{&quot;unit&quot;:&quot;px&quot;,&quot;size&quot;:&quot;&quot;,&quot;sizes&quot;:[]}}\">\n\t\t<div class=\"elementor-element elementor-element-42cbfb1 e-con-full e-flex e-con e-child\" data-id=\"42cbfb1\" data-element_type=\"container\" data-e-type=\"container\">\n\t\t\t\t<div class=\"elementor-element elementor-element-f01b1d4 elementor-widget elementor-widget-icon-box\" data-id=\"f01b1d4\" data-element_type=\"widget\" data-e-type=\"widget\" data-widget_type=\"icon-box.default\">\n\t\t\t\t\t\t\t<div class=\"elementor-icon-box-wrapper\">\n\n\t\t\t\n\t\t\t\t\t\t<div class=\"elementor-icon-box-content\">\n\n\t\t\t\t\t\t\t\t\t<div class=\"elementor-icon-box-title\">\n\t\t\t\t\t\t<span  >\n\t\t\t\t\t\t\tSCS\t\t\t\t\t\t<\/span>\n\t\t\t\t\t<\/div>\n\t\t\t\t\n\t\t\t\t\t\t\t\t\t<p class=\"elementor-icon-box-description\">\n\t\t\t\t\t\tEspecializada en obra nueva de climatizaci\u00f3n y fontaner\u00eda: calefacci\u00f3n, aire acondicionado, ventilaci\u00f3n...\t\t\t\t\t<\/p>\n\t\t\t\t\n\t\t\t<\/div>\n\t\t\t\n\t\t<\/div>\n\t\t\t\t\t\t<\/div>\n\t\t\t\t<div class=\"elementor-element elementor-element-4e9b54e2 elementor-widget elementor-widget-button\" data-id=\"4e9b54e2\" data-element_type=\"widget\" data-e-type=\"widget\" data-widget_type=\"button.default\">\n\t\t\t\t\t\t\t\t\t\t<a class=\"elementor-button elementor-button-link elementor-size-sm\" href=\"https:\/\/www.emalec.com\/es\/nuestras-filiales\/scs-tu-socio-para-obras-nuevas-y-rehabilitacion\/\">\n\t\t\t\t\t\t<span class=\"elementor-button-content-wrapper\">\n\t\t\t\t\t\t\t\t\t<span class=\"elementor-button-text\">M\u00e1s informaci\u00f3n<\/span>\n\t\t\t\t\t<\/span>\n\t\t\t\t\t<\/a>\n\t\t\t\t\t\t\t\t<\/div>\n\t\t\t\t<\/div>\n\t\t\t\t<\/div>\n\t\t\t\t<\/div>\n\t\t\t\t\t<\/div>\n\t\t\t\t<\/div>\n\t\t\t\t<\/div>\n\t\t","protected":false},"excerpt":{"rendered":"<p>Su servicio t\u00e9cnico &amp; duradero Una implantaci\u00f3n estrat\u00e9gica Una organizaci\u00f3n al servicio del rendimiento Emalec Filial hist\u00f3rica del Grupo, especializada en el mantenimiento multit\u00e9cnico en toda Francia. M\u00e1s informaci\u00f3n Emalec IDF Ubicada en Par\u00eds, Emalec IDF est\u00e1 especializada en el mantenimiento multit\u00e9cnico con equipos de t\u00e9cnicos asignados. M\u00e1s informaci\u00f3n Emalec Ib\u00e9rica Con sede en Espa\u00f1a, [&hellip;]<\/p>\n","protected":false},"author":2,"featured_media":0,"parent":0,"menu_order":0,"comment_status":"closed","ping_status":"closed","template":"","meta":{"_acf_changed":false,"inline_featured_image":false,"footnotes":""},"class_list":["post-5002","page","type-page","status-publish","hentry"],"acf":[],"yoast_head":"<!-- This site is optimized with the Yoast SEO plugin v27.2 - https:\/\/yoast.com\/product\/yoast-seo-wordpress\/ -->\n<title>Nuestras filiales - Emalec<\/title>\n<meta name=\"robots\" content=\"index, follow, max-snippet:-1, max-image-preview:large, max-video-preview:-1\" \/>\n<link rel=\"canonical\" href=\"https:\/\/www.emalec.com\/es\/nuestras-filiales\/\" \/>\n<meta property=\"og:locale\" content=\"es_ES\" \/>\n<meta property=\"og:type\" content=\"article\" \/>\n<meta property=\"og:title\" content=\"Nuestras filiales - Emalec\" \/>\n<meta property=\"og:description\" content=\"Su servicio t\u00e9cnico &amp; duradero Una implantaci\u00f3n estrat\u00e9gica Una organizaci\u00f3n al servicio del rendimiento Emalec Filial hist\u00f3rica del Grupo, especializada en el mantenimiento multit\u00e9cnico en toda Francia. M\u00e1s informaci\u00f3n Emalec IDF Ubicada en Par\u00eds, Emalec IDF est\u00e1 especializada en el mantenimiento multit\u00e9cnico con equipos de t\u00e9cnicos asignados. M\u00e1s informaci\u00f3n Emalec Ib\u00e9rica Con sede en Espa\u00f1a, [&hellip;]\" \/>\n<meta property=\"og:url\" content=\"https:\/\/www.emalec.com\/es\/nuestras-filiales\/\" \/>\n<meta property=\"og:site_name\" content=\"Emalec\" \/>\n<meta property=\"article:modified_time\" content=\"2026-02-10T11:10:38+00:00\" \/>\n<meta name=\"twitter:card\" content=\"summary_large_image\" \/>\n<meta name=\"twitter:label1\" content=\"Tiempo de lectura\" \/>\n\t<meta name=\"twitter:data1\" content=\"1 minuto\" \/>\n<script type=\"application\/ld+json\" class=\"yoast-schema-graph\">{\"@context\":\"https:\/\/schema.org\",\"@graph\":[{\"@type\":\"WebPage\",\"@id\":\"https:\/\/www.emalec.com\/es\/nuestras-filiales\/\",\"url\":\"https:\/\/www.emalec.com\/es\/nuestras-filiales\/\",\"name\":\"Nuestras filiales - Emalec\",\"isPartOf\":{\"@id\":\"https:\/\/www.emalec.com\/es\/#website\"},\"datePublished\":\"2025-11-12T08:39:39+00:00\",\"dateModified\":\"2026-02-10T11:10:38+00:00\",\"breadcrumb\":{\"@id\":\"https:\/\/www.emalec.com\/es\/nuestras-filiales\/#breadcrumb\"},\"inLanguage\":\"es\",\"potentialAction\":[{\"@type\":\"ReadAction\",\"target\":[\"https:\/\/www.emalec.com\/es\/nuestras-filiales\/\"]}]},{\"@type\":\"BreadcrumbList\",\"@id\":\"https:\/\/www.emalec.com\/es\/nuestras-filiales\/#breadcrumb\",\"itemListElement\":[{\"@type\":\"ListItem\",\"position\":1,\"name\":\"Home\",\"item\":\"https:\/\/www.emalec.com\/es\/\"},{\"@type\":\"ListItem\",\"position\":2,\"name\":\"Nuestras filiales\"}]},{\"@type\":\"WebSite\",\"@id\":\"https:\/\/www.emalec.com\/es\/#website\",\"url\":\"https:\/\/www.emalec.com\/es\/\",\"name\":\"Emalec\",\"description\":\"Un site utilisant WordPress\",\"publisher\":{\"@id\":\"https:\/\/www.emalec.com\/es\/#organization\"},\"potentialAction\":[{\"@type\":\"SearchAction\",\"target\":{\"@type\":\"EntryPoint\",\"urlTemplate\":\"https:\/\/www.emalec.com\/es\/?s={search_term_string}\"},\"query-input\":{\"@type\":\"PropertyValueSpecification\",\"valueRequired\":true,\"valueName\":\"search_term_string\"}}],\"inLanguage\":\"es\"},{\"@type\":\"Organization\",\"@id\":\"https:\/\/www.emalec.com\/es\/#organization\",\"name\":\"Emalec\",\"url\":\"https:\/\/www.emalec.com\/es\/\",\"logo\":{\"@type\":\"ImageObject\",\"inLanguage\":\"es\",\"@id\":\"https:\/\/www.emalec.com\/es\/#\/schema\/logo\/image\/\",\"url\":\"https:\/\/www.emalec.com\/wp-content\/uploads\/2025\/09\/emalec-logo-blanc.svg\",\"contentUrl\":\"https:\/\/www.emalec.com\/wp-content\/uploads\/2025\/09\/emalec-logo-blanc.svg\",\"width\":2832,\"height\":516,\"caption\":\"Emalec\"},\"image\":{\"@id\":\"https:\/\/www.emalec.com\/es\/#\/schema\/logo\/image\/\"}}]}<\/script>\n<!-- \/ Yoast SEO plugin. -->","yoast_head_json":{"title":"Nuestras filiales - Emalec","robots":{"index":"index","follow":"follow","max-snippet":"max-snippet:-1","max-image-preview":"max-image-preview:large","max-video-preview":"max-video-preview:-1"},"canonical":"https:\/\/www.emalec.com\/es\/nuestras-filiales\/","og_locale":"es_ES","og_type":"article","og_title":"Nuestras filiales - Emalec","og_description":"Su servicio t\u00e9cnico &amp; duradero Una implantaci\u00f3n estrat\u00e9gica Una organizaci\u00f3n al servicio del rendimiento Emalec Filial hist\u00f3rica del Grupo, especializada en el mantenimiento multit\u00e9cnico en toda Francia. M\u00e1s informaci\u00f3n Emalec IDF Ubicada en Par\u00eds, Emalec IDF est\u00e1 especializada en el mantenimiento multit\u00e9cnico con equipos de t\u00e9cnicos asignados. M\u00e1s informaci\u00f3n Emalec Ib\u00e9rica Con sede en Espa\u00f1a, [&hellip;]","og_url":"https:\/\/www.emalec.com\/es\/nuestras-filiales\/","og_site_name":"Emalec","article_modified_time":"2026-02-10T11:10:38+00:00","twitter_card":"summary_large_image","twitter_misc":{"Tiempo de lectura":"1 minuto"},"schema":{"@context":"https:\/\/schema.org","@graph":[{"@type":"WebPage","@id":"https:\/\/www.emalec.com\/es\/nuestras-filiales\/","url":"https:\/\/www.emalec.com\/es\/nuestras-filiales\/","name":"Nuestras filiales - Emalec","isPartOf":{"@id":"https:\/\/www.emalec.com\/es\/#website"},"datePublished":"2025-11-12T08:39:39+00:00","dateModified":"2026-02-10T11:10:38+00:00","breadcrumb":{"@id":"https:\/\/www.emalec.com\/es\/nuestras-filiales\/#breadcrumb"},"inLanguage":"es","potentialAction":[{"@type":"ReadAction","target":["https:\/\/www.emalec.com\/es\/nuestras-filiales\/"]}]},{"@type":"BreadcrumbList","@id":"https:\/\/www.emalec.com\/es\/nuestras-filiales\/#breadcrumb","itemListElement":[{"@type":"ListItem","position":1,"name":"Home","item":"https:\/\/www.emalec.com\/es\/"},{"@type":"ListItem","position":2,"name":"Nuestras filiales"}]},{"@type":"WebSite","@id":"https:\/\/www.emalec.com\/es\/#website","url":"https:\/\/www.emalec.com\/es\/","name":"Emalec","description":"Un site utilisant WordPress","publisher":{"@id":"https:\/\/www.emalec.com\/es\/#organization"},"potentialAction":[{"@type":"SearchAction","target":{"@type":"EntryPoint","urlTemplate":"https:\/\/www.emalec.com\/es\/?s={search_term_string}"},"query-input":{"@type":"PropertyValueSpecification","valueRequired":true,"valueName":"search_term_string"}}],"inLanguage":"es"},{"@type":"Organization","@id":"https:\/\/www.emalec.com\/es\/#organization","name":"Emalec","url":"https:\/\/www.emalec.com\/es\/","logo":{"@type":"ImageObject","inLanguage":"es","@id":"https:\/\/www.emalec.com\/es\/#\/schema\/logo\/image\/","url":"https:\/\/www.emalec.com\/wp-content\/uploads\/2025\/09\/emalec-logo-blanc.svg","contentUrl":"https:\/\/www.emalec.com\/wp-content\/uploads\/2025\/09\/emalec-logo-blanc.svg","width":2832,"height":516,"caption":"Emalec"},"image":{"@id":"https:\/\/www.emalec.com\/es\/#\/schema\/logo\/image\/"}}]}},"_links":{"self":[{"href":"https:\/\/www.emalec.com\/es\/wp-json\/wp\/v2\/pages\/5002","targetHints":{"allow":["GET"]}}],"collection":[{"href":"https:\/\/www.emalec.com\/es\/wp-json\/wp\/v2\/pages"}],"about":[{"href":"https:\/\/www.emalec.com\/es\/wp-json\/wp\/v2\/types\/page"}],"author":[{"embeddable":true,"href":"https:\/\/www.emalec.com\/es\/wp-json\/wp\/v2\/users\/2"}],"replies":[{"embeddable":true,"href":"https:\/\/www.emalec.com\/es\/wp-json\/wp\/v2\/comments?post=5002"}],"version-history":[{"count":3,"href":"https:\/\/www.emalec.com\/es\/wp-json\/wp\/v2\/pages\/5002\/revisions"}],"predecessor-version":[{"id":5022,"href":"https:\/\/www.emalec.com\/es\/wp-json\/wp\/v2\/pages\/5002\/revisions\/5022"}],"wp:attachment":[{"href":"https:\/\/www.emalec.com\/es\/wp-json\/wp\/v2\/media?parent=5002"}],"curies":[{"name":"wp","href":"https:\/\/api.w.org\/{rel}","templated":true}]}}