{"id":5434,"date":"2018-10-14T09:10:23","date_gmt":"2018-10-14T07:10:23","guid":{"rendered":"https:\/\/www.emalec.com\/datos-personales\/"},"modified":"2026-02-11T12:17:09","modified_gmt":"2026-02-11T11:17:09","slug":"datos-personales","status":"publish","type":"page","link":"https:\/\/www.emalec.com\/es\/datos-personales\/","title":{"rendered":"Datos personales"},"content":{"rendered":"\t\t<div data-elementor-type=\"wp-page\" data-elementor-id=\"5434\" class=\"elementor elementor-5434 elementor-31\" data-elementor-post-type=\"page\">\n\t\t\t\t<div class=\"elementor-element elementor-element-e16bdc2 e-flex e-con-boxed e-con e-parent\" data-id=\"e16bdc2\" data-element_type=\"container\" data-e-type=\"container\" data-settings=\"{&quot;background_background&quot;:&quot;classic&quot;}\">\n\t\t\t\t\t<div class=\"e-con-inner\">\n\t\t\t\t<div class=\"elementor-element elementor-element-6157d28 elementor-widget elementor-widget-breadcrumbs\" data-id=\"6157d28\" data-element_type=\"widget\" data-e-type=\"widget\" data-widget_type=\"breadcrumbs.default\">\n\t\t\t\t\t<p id=\"breadcrumbs\"><span><span><a href=\"https:\/\/www.emalec.com\/es\/\">Home<\/a><\/span><\/span><\/p>\t\t\t\t<\/div>\n\t\t\t\t<div class=\"elementor-element elementor-element-b171a26 elementor-invisible elementor-widget elementor-widget-heading\" data-id=\"b171a26\" data-element_type=\"widget\" data-e-type=\"widget\" data-settings=\"{&quot;_animation&quot;:&quot;fadeInUp&quot;,&quot;_animation_delay&quot;:200}\" data-widget_type=\"heading.default\">\n\t\t\t\t\t<h1 class=\"elementor-heading-title elementor-size-default\">Datos personales<\/h1>\t\t\t\t<\/div>\n\t\t\t\t\t<\/div>\n\t\t\t\t<\/div>\n\t\t<div class=\"elementor-element elementor-element-713ab74 e-flex e-con-boxed e-con e-parent\" data-id=\"713ab74\" data-element_type=\"container\" data-e-type=\"container\">\n\t\t\t\t\t<div class=\"e-con-inner\">\n\t\t\t\t<div class=\"elementor-element elementor-element-2a97b70 elementor-widget elementor-widget-text-editor\" data-id=\"2a97b70\" data-element_type=\"widget\" data-e-type=\"widget\" data-widget_type=\"text-editor.default\">\n\t\t\t\t\t\t\t\t\t<p>\u00bfQu\u00e9 datos personales recopila EMALEC en su sitio web www.emalec.com?<\/p>\t\t\t\t\t\t\t\t<\/div>\n\t\t\t\t<div class=\"elementor-element elementor-element-d42c7d1 elementor-widget elementor-widget-heading\" data-id=\"d42c7d1\" data-element_type=\"widget\" data-e-type=\"widget\" data-widget_type=\"heading.default\">\n\t\t\t\t\t<h2 class=\"elementor-heading-title elementor-size-default\">1. Cookies<\/h2>\t\t\t\t<\/div>\n\t\t\t\t<div class=\"elementor-element elementor-element-f306bf7 elementor-widget elementor-widget-heading\" data-id=\"f306bf7\" data-element_type=\"widget\" data-e-type=\"widget\" data-widget_type=\"heading.default\">\n\t\t\t\t\t<h3 class=\"elementor-heading-title elementor-size-default\">1.1. \u00bfQu\u00e9 es una cookie?<\/h3>\t\t\t\t<\/div>\n\t\t\t\t<div class=\"elementor-element elementor-element-3e11858 elementor-widget elementor-widget-text-editor\" data-id=\"3e11858\" data-element_type=\"widget\" data-e-type=\"widget\" data-widget_type=\"text-editor.default\">\n\t\t\t\t\t\t\t\t\t<p>Una cookie es un peque\u00f1o archivo de texto depositado en tu ordenador durante la visita a un sitio. Su objetivo es recopilar informaci\u00f3n relativa a tu navegaci\u00f3n en los sitios y dirigirte servicios personalizados. En tu ordenador las cookies son gestionadas por tu navegador de internet.  <\/p>\t\t\t\t\t\t\t\t<\/div>\n\t\t\t\t<div class=\"elementor-element elementor-element-afc17e8 elementor-widget elementor-widget-heading\" data-id=\"afc17e8\" data-element_type=\"widget\" data-e-type=\"widget\" data-widget_type=\"heading.default\">\n\t\t\t\t\t<h3 class=\"elementor-heading-title elementor-size-default\">1.2. Las cookies estrictamente necesarias<\/h3>\t\t\t\t<\/div>\n\t\t\t\t<div class=\"elementor-element elementor-element-44dceda elementor-widget elementor-widget-text-editor\" data-id=\"44dceda\" data-element_type=\"widget\" data-e-type=\"widget\" data-widget_type=\"text-editor.default\">\n\t\t\t\t\t\t\t\t\t<p>Se trata de las cookies necesarias para el funcionamiento de nuestro sitio. Te permiten utilizar las principales funcionalidades de nuestro sitio (por ejemplo el acceso a tu cuenta). Sin estas cookies, no podr\u00e1s utilizar nuestro sitio normalmente. Se trata de cookies depositadas por \u00c9MALEC y que solo conciernen al funcionamiento de nuestro sitio.   <\/p>\t\t\t\t\t\t\t\t<\/div>\n\t\t\t\t<div class=\"elementor-element elementor-element-19f1b9e elementor-widget elementor-widget-heading\" data-id=\"19f1b9e\" data-element_type=\"widget\" data-e-type=\"widget\" data-widget_type=\"heading.default\">\n\t\t\t\t\t<h3 class=\"elementor-heading-title elementor-size-default\">1.3. Las cookies anal\u00edticas<\/h3>\t\t\t\t<\/div>\n\t\t\t\t<div class=\"elementor-element elementor-element-d0a0bb1 elementor-widget elementor-widget-text-editor\" data-id=\"d0a0bb1\" data-element_type=\"widget\" data-e-type=\"widget\" data-widget_type=\"text-editor.default\">\n\t\t\t\t\t\t\t\t\t<p>Se trata de las cookies que nos permiten conocer el uso y el rendimiento de nuestro sitio y mejorar su funcionamiento (por ejemplo, las p\u00e1ginas m\u00e1s consultadas, etc.).<\/p>\t\t\t\t\t\t\t\t<\/div>\n\t\t\t\t<div class=\"elementor-element elementor-element-4d3b370 elementor-widget elementor-widget-heading\" data-id=\"4d3b370\" data-element_type=\"widget\" data-e-type=\"widget\" data-widget_type=\"heading.default\">\n\t\t\t\t\t<h3 class=\"elementor-heading-title elementor-size-default\">1.4. Las cookies de terceros<\/h3>\t\t\t\t<\/div>\n\t\t\t\t<div class=\"elementor-element elementor-element-70fc87d elementor-widget elementor-widget-text-editor\" data-id=\"70fc87d\" data-element_type=\"widget\" data-e-type=\"widget\" data-widget_type=\"text-editor.default\">\n\t\t\t\t\t\t\t\t\t<p>Se trata de las cookies que nos permiten mostrar contenido en nuestro sitio procedente de una fuente externa (por ejemplo, los v\u00eddeos de Youtube, Googlemaps, etc.).<\/p>\t\t\t\t\t\t\t\t<\/div>\n\t\t\t\t<div class=\"elementor-element elementor-element-5f76759 elementor-widget elementor-widget-heading\" data-id=\"5f76759\" data-element_type=\"widget\" data-e-type=\"widget\" data-widget_type=\"heading.default\">\n\t\t\t\t\t<h3 class=\"elementor-heading-title elementor-size-default\">1.5. Aceptar o rechazar las cookies<\/h3>\t\t\t\t<\/div>\n\t\t\t\t<div class=\"elementor-element elementor-element-87f8d99 elementor-widget elementor-widget-text-editor\" data-id=\"87f8d99\" data-element_type=\"widget\" data-e-type=\"widget\" data-widget_type=\"text-editor.default\">\n\t\t\t\t\t\t\t\t\t<p>Dispones de diferentes medios para gestionar las cookies.<\/p><p>La configuraci\u00f3n de tu navegador de internet:<\/p><p>Puedes elegir en cualquier momento desactivar estas cookies. Tu navegador tambi\u00e9n puede configurarse para se\u00f1alarte las cookies que se depositan en tu ordenador y pedirte que las aceptes o no. Puedes aceptar o rechazar las cookies caso por caso o bien rechazarlas sistem\u00e1ticamente de una vez por todas.<br>Te recordamos que la configuraci\u00f3n puede modificar tus condiciones de acceso a nuestros servicios que requieren el uso de cookies.<br>La configuraci\u00f3n de cada navegador es diferente. Se describe en el men\u00fa de ayuda de tu navegador, que te permitir\u00e1 saber de qu\u00e9 manera modificar tus preferencias en materia de cookies.   <\/p><p>Aceptar las cookies:<br>Esto se hace a trav\u00e9s del banner que aparece en la parte superior de las p\u00e1ginas del sitio. Para ello debes hacer clic en el bot\u00f3n &#8220;S\u00ed, acepto&#8221;. Mientras no hagas clic en este bot\u00f3n, las cookies del sitio est\u00e1n bloqueadas. Las cookies se conservan durante un per\u00edodo de 30 d\u00edas.   <\/p>\t\t\t\t\t\t\t\t<\/div>\n\t\t\t\t<div class=\"elementor-element elementor-element-68a40e2 elementor-widget elementor-widget-image\" data-id=\"68a40e2\" data-element_type=\"widget\" data-e-type=\"widget\" data-widget_type=\"image.default\">\n\t\t\t\t\t\t\t\t\t\t\t\t\t\t\t<img fetchpriority=\"high\" decoding=\"async\" width=\"1536\" height=\"90\" src=\"https:\/\/www.emalec.com\/wp-content\/uploads\/2025\/11\/nouveau-bandeau-cookies-emalec.png\" class=\"attachment-large size-large wp-image-5392\" alt=\"\" srcset=\"https:\/\/www.emalec.com\/wp-content\/uploads\/2025\/11\/nouveau-bandeau-cookies-emalec.png 1536w, https:\/\/www.emalec.com\/wp-content\/uploads\/2025\/11\/nouveau-bandeau-cookies-emalec-1080x63.png 1080w, https:\/\/www.emalec.com\/wp-content\/uploads\/2025\/11\/nouveau-bandeau-cookies-emalec-768x45.png 768w\" sizes=\"(max-width: 1536px) 100vw, 1536px\" \/>\t\t\t\t\t\t\t\t\t\t\t\t\t\t\t<\/div>\n\t\t\t\t<div class=\"elementor-element elementor-element-a31f710 elementor-widget elementor-widget-heading\" data-id=\"a31f710\" data-element_type=\"widget\" data-e-type=\"widget\" data-widget_type=\"heading.default\">\n\t\t\t\t\t<h3 class=\"elementor-heading-title elementor-size-default\">1.6. C\u00f3mo eliminar las cookies<\/h3>\t\t\t\t<\/div>\n\t\t\t\t<div class=\"elementor-element elementor-element-cea9a0d elementor-widget elementor-widget-text-editor\" data-id=\"cea9a0d\" data-element_type=\"widget\" data-e-type=\"widget\" data-widget_type=\"text-editor.default\">\n\t\t\t\t\t\t\t\t\t<p>El usuario est\u00e1 informado de que tiene la posibilidad de configurar su navegador para que sea informado de la recepci\u00f3n de cookies, y puede, si lo desea, impedir su instalaci\u00f3n en su ordenador.<br>A continuaci\u00f3n, te proporcionamos los enlaces de diferentes navegadores, a trav\u00e9s de los cuales puedes realizar dicha configuraci\u00f3n:<\/p><ul><li><strong>Firefox:<\/strong> <a href=\"https:\/\/support.mozilla.org\/fr\/kb\/effacer-les-cookies-pour-supprimer-les-information\" target=\"_blank\" rel=\"noopener\">https:\/\/support.mozilla.org\/fr\/kb\/effacer-les-cookies-pour-supprimer-les-information<\/a><\/li><li><strong>Chrome:<\/strong> <a href=\"https:\/\/support.google.com\/chrome\/answer\/95647?hl=fr\" target=\"_blank\" rel=\"noopener\">https:\/\/support.google.com\/chrome\/answer\/95647?hl=fr<\/a><\/li><li><strong>Explorer:<\/strong> <a href=\"https:\/\/support.microsoft.com\/fr-fr\/topic\/supprimer-et-g%C3%A9rer-les-cookies-168dab11-0753-043d-7c16-ede5947fc64d\" target=\"_blank\" rel=\"noopener\">https:\/\/support.microsoft.com\/fr-fr\/topic\/supprimer-et-g%C3%A9rer-les-cookies-168dab11-0753-043d-7c16-ede5947fc64d<\/a><\/li><li><strong>Safari:<\/strong> <a href=\"https:\/\/support.apple.com\/fr-fr\/guide\/safari\/sfri11471\/mac\" target=\"_blank\" rel=\"noopener\">https:\/\/support.apple.com\/fr-fr\/guide\/safari\/sfri11471\/mac<\/a><\/li><li><strong>Opera:<\/strong> <a href=\"https:\/\/help.opera.com\/en\/latest\/web-preferences\/#cookies\" target=\"_blank\" rel=\"noopener\">https:\/\/help.opera.com\/en\/latest\/web-preferences\/#cookies<\/a><\/li><\/ul>\t\t\t\t\t\t\t\t<\/div>\n\t\t\t\t<div class=\"elementor-element elementor-element-3363e3c elementor-widget elementor-widget-heading\" data-id=\"3363e3c\" data-element_type=\"widget\" data-e-type=\"widget\" data-widget_type=\"heading.default\">\n\t\t\t\t\t<h2 class=\"elementor-heading-title elementor-size-default\">2. Los datos que el usuario deja voluntariamente en el formulario de contacto del sitio<\/h2>\t\t\t\t<\/div>\n\t\t\t\t<div class=\"elementor-element elementor-element-7d62eb7 elementor-widget elementor-widget-text-editor\" data-id=\"7d62eb7\" data-element_type=\"widget\" data-e-type=\"widget\" data-widget_type=\"text-editor.default\">\n\t\t\t\t\t\t\t\t\t<p>Son datos que nos deja voluntariamente al rellenar y enviar su solicitud a trav\u00e9s del formulario de contacto en la p\u00e1gina: <a href=\"https:\/\/www.emalec.com\/es\/contacto\/\">emalec.com\/contact<\/a><\/p><ul><li>Estos datos son: nombre, apellido, correo electr\u00f3nico, empresa, n\u00famero de tel\u00e9fono, asunto y mensaje.<\/li><li>Estos datos no se guardan en la base de datos del sitio, sino que se env\u00edan directamente por correo electr\u00f3nico a la siguiente direcci\u00f3n: <a href=\"mailto:commercial@emalec.com\">commercial@emalec.com<\/a>, que recibe las solicitudes de contacto enviadas a trav\u00e9s de este formulario y a la que solo tiene acceso el departamento comercial de \u00c9MALEC.<\/li><li>Una vez que se responden las solicitudes enviadas, los datos personales recibidos por correo electr\u00f3nico (nombre, apellido, correo electr\u00f3nico, empresa, n\u00famero de tel\u00e9fono, asunto y mensaje) a trav\u00e9s del formulario de contacto se destruyen (eliminaci\u00f3n del correo electr\u00f3nico recibido y vaciado de la papelera de la bandeja de entrada).<\/li><li>Estos datos no se venden ni se transmiten a terceros.<\/li><li>Puede ejercer su derecho de retractaci\u00f3n en cualquier momento poni\u00e9ndose en contacto con nosotros en: <a href=\"mailto:contact@emalec.com\">contact@emalec.com<\/a><\/li><\/ul>\t\t\t\t\t\t\t\t<\/div>\n\t\t\t\t<div class=\"elementor-element elementor-element-13fb744 elementor-widget elementor-widget-heading\" data-id=\"13fb744\" data-element_type=\"widget\" data-e-type=\"widget\" data-widget_type=\"heading.default\">\n\t\t\t\t\t<h2 class=\"elementor-heading-title elementor-size-default\">3. Los datos que el usuario deja voluntariamente en el formulario de candidatura del sitio<\/h2>\t\t\t\t<\/div>\n\t\t\t\t<div class=\"elementor-element elementor-element-76b6a95 elementor-widget elementor-widget-text-editor\" data-id=\"76b6a95\" data-element_type=\"widget\" data-e-type=\"widget\" data-widget_type=\"text-editor.default\">\n\t\t\t\t\t\t\t\t\t<p>Son datos que nos deja voluntariamente al rellenar y enviar su candidatura a trav\u00e9s del formulario \u201cPostule ahora\u201d en la p\u00e1gina: <a href=\"https:\/\/www.emalec.com\/es\/solicita-ahora\/\">emalec.com\/postulez-maintenant<\/a><\/p><ul><li>Estos datos son: nombre, apellido, correo electr\u00f3nico, n\u00famero de tel\u00e9fono, direcci\u00f3n y comentarios libres.<\/li><li>Estos datos no se guardan en la base de datos del sitio, sino que se env\u00edan directamente por correo electr\u00f3nico a la siguiente direcci\u00f3n: <a href=\"mailto:recrutement@emalec.com\">recrutement@emalec.com<\/a>, que recibe las solicitudes de contacto enviadas a trav\u00e9s de este formulario y a la que solo tiene acceso el departamento comercial de \u00c9MALEC.<\/li><li>Una vez que se responden las solicitudes enviadas, los datos personales recibidos por correo electr\u00f3nico (nombre, apellido, correo electr\u00f3nico, n\u00famero de tel\u00e9fono, direcci\u00f3n y comentarios libres) a trav\u00e9s del formulario de contacto se destruyen (eliminaci\u00f3n del correo electr\u00f3nico recibido y vaciado de la papelera de la bandeja de entrada).<\/li><li>Estos datos no se venden ni se transmiten a terceros.<\/li><li>Puede ejercer su derecho de retractaci\u00f3n en cualquier momento poni\u00e9ndose en contacto con nosotros en: <a href=\"mailto:contact@emalec.com\">contact@emalec.com<\/a><\/li><\/ul>\t\t\t\t\t\t\t\t<\/div>\n\t\t\t\t<div class=\"elementor-element elementor-element-1758443 elementor-widget elementor-widget-text-editor\" data-id=\"1758443\" data-element_type=\"widget\" data-e-type=\"widget\" data-widget_type=\"text-editor.default\">\n\t\t\t\t\t\t\t\t\t<p><a href=\"https:\/\/www.emalec.com\/es\/aviso-legal\/\">Consultar el aviso legal<\/a><\/p><p><a href=\"https:\/\/www.emalec.com\/wp-content\/uploads\/2025\/11\/politique-rgpd-groupe-emalec-v01-04092020.pdf\" target=\"_blank\" rel=\"noopener\">Actualizaci\u00f3n de la pol\u00edtica de privacidad<\/a><\/p>\t\t\t\t\t\t\t\t<\/div>\n\t\t\t\t\t<\/div>\n\t\t\t\t<\/div>\n\t\t\t\t<\/div>\n\t\t","protected":false},"excerpt":{"rendered":"<p>\u00bfQu\u00e9 datos personales recopila EMALEC en su sitio web www.emalec.com? 1. Cookies 1.1. \u00bfQu\u00e9 es una cookie? Una cookie es un peque\u00f1o archivo de texto depositado en tu ordenador durante la visita a un sitio. Su objetivo es recopilar informaci\u00f3n relativa a tu navegaci\u00f3n en los sitios y dirigirte servicios personalizados. En tu ordenador las [&hellip;]<\/p>\n","protected":false},"author":2,"featured_media":0,"parent":0,"menu_order":0,"comment_status":"closed","ping_status":"closed","template":"","meta":{"_acf_changed":false,"inline_featured_image":false,"footnotes":""},"class_list":["post-5434","page","type-page","status-publish","hentry"],"acf":[],"yoast_head":"<!-- This site is optimized with the Yoast SEO plugin v27.2 - https:\/\/yoast.com\/product\/yoast-seo-wordpress\/ -->\n<title>Datos personales - Emalec<\/title>\n<meta name=\"robots\" content=\"index, follow, max-snippet:-1, max-image-preview:large, max-video-preview:-1\" \/>\n<link rel=\"canonical\" href=\"https:\/\/www.emalec.com\/es\/datos-personales\/\" \/>\n<meta property=\"og:locale\" content=\"es_ES\" \/>\n<meta property=\"og:type\" content=\"article\" \/>\n<meta property=\"og:title\" content=\"Datos personales - Emalec\" \/>\n<meta property=\"og:description\" content=\"\u00bfQu\u00e9 datos personales recopila EMALEC en su sitio web www.emalec.com? 1. Cookies 1.1. \u00bfQu\u00e9 es una cookie? Una cookie es un peque\u00f1o archivo de texto depositado en tu ordenador durante la visita a un sitio. Su objetivo es recopilar informaci\u00f3n relativa a tu navegaci\u00f3n en los sitios y dirigirte servicios personalizados. En tu ordenador las [&hellip;]\" \/>\n<meta property=\"og:url\" content=\"https:\/\/www.emalec.com\/es\/datos-personales\/\" \/>\n<meta property=\"og:site_name\" content=\"Emalec\" \/>\n<meta property=\"article:modified_time\" content=\"2026-02-11T11:17:09+00:00\" \/>\n<meta property=\"og:image\" content=\"https:\/\/www.emalec.com\/wp-content\/uploads\/2025\/11\/nouveau-bandeau-cookies-emalec.png\" \/>\n<meta name=\"twitter:card\" content=\"summary_large_image\" \/>\n<meta name=\"twitter:label1\" content=\"Tiempo de lectura\" \/>\n\t<meta name=\"twitter:data1\" content=\"4 minutos\" \/>\n<script type=\"application\/ld+json\" class=\"yoast-schema-graph\">{\"@context\":\"https:\/\/schema.org\",\"@graph\":[{\"@type\":\"WebPage\",\"@id\":\"https:\/\/www.emalec.com\/es\/datos-personales\/\",\"url\":\"https:\/\/www.emalec.com\/es\/datos-personales\/\",\"name\":\"Datos personales - Emalec\",\"isPartOf\":{\"@id\":\"https:\/\/www.emalec.com\/es\/#website\"},\"primaryImageOfPage\":{\"@id\":\"https:\/\/www.emalec.com\/es\/datos-personales\/#primaryimage\"},\"image\":{\"@id\":\"https:\/\/www.emalec.com\/es\/datos-personales\/#primaryimage\"},\"thumbnailUrl\":\"https:\/\/www.emalec.com\/wp-content\/uploads\/2025\/11\/nouveau-bandeau-cookies-emalec.png\",\"datePublished\":\"2018-10-14T07:10:23+00:00\",\"dateModified\":\"2026-02-11T11:17:09+00:00\",\"breadcrumb\":{\"@id\":\"https:\/\/www.emalec.com\/es\/datos-personales\/#breadcrumb\"},\"inLanguage\":\"es\",\"potentialAction\":[{\"@type\":\"ReadAction\",\"target\":[\"https:\/\/www.emalec.com\/es\/datos-personales\/\"]}]},{\"@type\":\"ImageObject\",\"inLanguage\":\"es\",\"@id\":\"https:\/\/www.emalec.com\/es\/datos-personales\/#primaryimage\",\"url\":\"https:\/\/www.emalec.com\/wp-content\/uploads\/2025\/11\/nouveau-bandeau-cookies-emalec.png\",\"contentUrl\":\"https:\/\/www.emalec.com\/wp-content\/uploads\/2025\/11\/nouveau-bandeau-cookies-emalec.png\"},{\"@type\":\"BreadcrumbList\",\"@id\":\"https:\/\/www.emalec.com\/es\/datos-personales\/#breadcrumb\",\"itemListElement\":[{\"@type\":\"ListItem\",\"position\":1,\"name\":\"Home\",\"item\":\"https:\/\/www.emalec.com\/es\/\"},{\"@type\":\"ListItem\",\"position\":2,\"name\":\"Datos personales\"}]},{\"@type\":\"WebSite\",\"@id\":\"https:\/\/www.emalec.com\/es\/#website\",\"url\":\"https:\/\/www.emalec.com\/es\/\",\"name\":\"Emalec\",\"description\":\"Un site utilisant WordPress\",\"publisher\":{\"@id\":\"https:\/\/www.emalec.com\/es\/#organization\"},\"potentialAction\":[{\"@type\":\"SearchAction\",\"target\":{\"@type\":\"EntryPoint\",\"urlTemplate\":\"https:\/\/www.emalec.com\/es\/?s={search_term_string}\"},\"query-input\":{\"@type\":\"PropertyValueSpecification\",\"valueRequired\":true,\"valueName\":\"search_term_string\"}}],\"inLanguage\":\"es\"},{\"@type\":\"Organization\",\"@id\":\"https:\/\/www.emalec.com\/es\/#organization\",\"name\":\"Emalec\",\"url\":\"https:\/\/www.emalec.com\/es\/\",\"logo\":{\"@type\":\"ImageObject\",\"inLanguage\":\"es\",\"@id\":\"https:\/\/www.emalec.com\/es\/#\/schema\/logo\/image\/\",\"url\":\"https:\/\/www.emalec.com\/wp-content\/uploads\/2025\/09\/emalec-logo-blanc.svg\",\"contentUrl\":\"https:\/\/www.emalec.com\/wp-content\/uploads\/2025\/09\/emalec-logo-blanc.svg\",\"width\":2832,\"height\":516,\"caption\":\"Emalec\"},\"image\":{\"@id\":\"https:\/\/www.emalec.com\/es\/#\/schema\/logo\/image\/\"}}]}<\/script>\n<!-- \/ Yoast SEO plugin. -->","yoast_head_json":{"title":"Datos personales - Emalec","robots":{"index":"index","follow":"follow","max-snippet":"max-snippet:-1","max-image-preview":"max-image-preview:large","max-video-preview":"max-video-preview:-1"},"canonical":"https:\/\/www.emalec.com\/es\/datos-personales\/","og_locale":"es_ES","og_type":"article","og_title":"Datos personales - Emalec","og_description":"\u00bfQu\u00e9 datos personales recopila EMALEC en su sitio web www.emalec.com? 1. Cookies 1.1. \u00bfQu\u00e9 es una cookie? Una cookie es un peque\u00f1o archivo de texto depositado en tu ordenador durante la visita a un sitio. Su objetivo es recopilar informaci\u00f3n relativa a tu navegaci\u00f3n en los sitios y dirigirte servicios personalizados. En tu ordenador las [&hellip;]","og_url":"https:\/\/www.emalec.com\/es\/datos-personales\/","og_site_name":"Emalec","article_modified_time":"2026-02-11T11:17:09+00:00","og_image":[{"url":"https:\/\/www.emalec.com\/wp-content\/uploads\/2025\/11\/nouveau-bandeau-cookies-emalec.png","type":"","width":"","height":""}],"twitter_card":"summary_large_image","twitter_misc":{"Tiempo de lectura":"4 minutos"},"schema":{"@context":"https:\/\/schema.org","@graph":[{"@type":"WebPage","@id":"https:\/\/www.emalec.com\/es\/datos-personales\/","url":"https:\/\/www.emalec.com\/es\/datos-personales\/","name":"Datos personales - Emalec","isPartOf":{"@id":"https:\/\/www.emalec.com\/es\/#website"},"primaryImageOfPage":{"@id":"https:\/\/www.emalec.com\/es\/datos-personales\/#primaryimage"},"image":{"@id":"https:\/\/www.emalec.com\/es\/datos-personales\/#primaryimage"},"thumbnailUrl":"https:\/\/www.emalec.com\/wp-content\/uploads\/2025\/11\/nouveau-bandeau-cookies-emalec.png","datePublished":"2018-10-14T07:10:23+00:00","dateModified":"2026-02-11T11:17:09+00:00","breadcrumb":{"@id":"https:\/\/www.emalec.com\/es\/datos-personales\/#breadcrumb"},"inLanguage":"es","potentialAction":[{"@type":"ReadAction","target":["https:\/\/www.emalec.com\/es\/datos-personales\/"]}]},{"@type":"ImageObject","inLanguage":"es","@id":"https:\/\/www.emalec.com\/es\/datos-personales\/#primaryimage","url":"https:\/\/www.emalec.com\/wp-content\/uploads\/2025\/11\/nouveau-bandeau-cookies-emalec.png","contentUrl":"https:\/\/www.emalec.com\/wp-content\/uploads\/2025\/11\/nouveau-bandeau-cookies-emalec.png"},{"@type":"BreadcrumbList","@id":"https:\/\/www.emalec.com\/es\/datos-personales\/#breadcrumb","itemListElement":[{"@type":"ListItem","position":1,"name":"Home","item":"https:\/\/www.emalec.com\/es\/"},{"@type":"ListItem","position":2,"name":"Datos personales"}]},{"@type":"WebSite","@id":"https:\/\/www.emalec.com\/es\/#website","url":"https:\/\/www.emalec.com\/es\/","name":"Emalec","description":"Un site utilisant WordPress","publisher":{"@id":"https:\/\/www.emalec.com\/es\/#organization"},"potentialAction":[{"@type":"SearchAction","target":{"@type":"EntryPoint","urlTemplate":"https:\/\/www.emalec.com\/es\/?s={search_term_string}"},"query-input":{"@type":"PropertyValueSpecification","valueRequired":true,"valueName":"search_term_string"}}],"inLanguage":"es"},{"@type":"Organization","@id":"https:\/\/www.emalec.com\/es\/#organization","name":"Emalec","url":"https:\/\/www.emalec.com\/es\/","logo":{"@type":"ImageObject","inLanguage":"es","@id":"https:\/\/www.emalec.com\/es\/#\/schema\/logo\/image\/","url":"https:\/\/www.emalec.com\/wp-content\/uploads\/2025\/09\/emalec-logo-blanc.svg","contentUrl":"https:\/\/www.emalec.com\/wp-content\/uploads\/2025\/09\/emalec-logo-blanc.svg","width":2832,"height":516,"caption":"Emalec"},"image":{"@id":"https:\/\/www.emalec.com\/es\/#\/schema\/logo\/image\/"}}]}},"_links":{"self":[{"href":"https:\/\/www.emalec.com\/es\/wp-json\/wp\/v2\/pages\/5434","targetHints":{"allow":["GET"]}}],"collection":[{"href":"https:\/\/www.emalec.com\/es\/wp-json\/wp\/v2\/pages"}],"about":[{"href":"https:\/\/www.emalec.com\/es\/wp-json\/wp\/v2\/types\/page"}],"author":[{"embeddable":true,"href":"https:\/\/www.emalec.com\/es\/wp-json\/wp\/v2\/users\/2"}],"replies":[{"embeddable":true,"href":"https:\/\/www.emalec.com\/es\/wp-json\/wp\/v2\/comments?post=5434"}],"version-history":[{"count":2,"href":"https:\/\/www.emalec.com\/es\/wp-json\/wp\/v2\/pages\/5434\/revisions"}],"predecessor-version":[{"id":5436,"href":"https:\/\/www.emalec.com\/es\/wp-json\/wp\/v2\/pages\/5434\/revisions\/5436"}],"wp:attachment":[{"href":"https:\/\/www.emalec.com\/es\/wp-json\/wp\/v2\/media?parent=5434"}],"curies":[{"name":"wp","href":"https:\/\/api.w.org\/{rel}","templated":true}]}}